{"id":28,"date":"2024-10-09T16:24:16","date_gmt":"2024-10-09T14:24:16","guid":{"rendered":"https:\/\/shortriver.de\/blog\/?page_id=28"},"modified":"2026-01-20T10:57:08","modified_gmt":"2026-01-20T09:57:08","slug":"kurzi-shortriver","status":"publish","type":"page","link":"https:\/\/shortriver.de\/blog\/kurzi-shortriver\/","title":{"rendered":"Kurzi Shortriver"},"content":{"rendered":"\n<p>Professionelle Illustrator*in und dilettantische Hobby-Fotograf*in mit einer 1986er LOMO LC-A.<br>Auf diesem Blog finden sich Gehirnf\u00fcrze und freie Illustrationen, analoge Fotos sowie mit dem Smartphone festgehaltene Alltagsbeobachtungen.<\/p>\n\n\n\n<p><strong>Warum ein Blog und nicht Instagram &amp; Co.?<\/strong><br>Weil ich \u00fcberzeugt bin, dass unsere Kreationen, Illustrationen und Fotos nicht gro\u00dfen Konzernen geh\u00f6ren sollten, deren Ziel es ist, mit unseren Daten und Lebenszeit Geld anzuh\u00e4ufen.<br>Alle meine Bilder liegen auf meinem eigenen, von mir bezahlten Server Space. Zus\u00e4tzlich teile ich sie auf <a href=\"https:\/\/norden.social\/@shortriver\" data-type=\"link\" data-id=\"https:\/\/norden.social\/@shortriver\" target=\"_blank\" rel=\"noreferrer noopener\">Mastodon<\/a> und <a href=\"https:\/\/pixelfed.social\/shortriver\" data-type=\"link\" data-id=\"https:\/\/pixelfed.social\/shortriver\" target=\"_blank\" rel=\"noreferrer noopener\">Pixelfed<\/a> \u2013\u00a0dezentralen Netzwerken, die unabh\u00e4ngig sind von Corporate Big Tech.<br>Ich bin Gr\u00fcndungsmitglied von <a href=\"https:\/\/norden.social\/\" data-type=\"link\" data-id=\"https:\/\/norden.social\/\" target=\"_blank\" rel=\"noreferrer noopener\">norden.social e. V.<\/a>, einer <a href=\"https:\/\/joinmastodon.org\/de\" target=\"_blank\" rel=\"noreferrer noopener\">Mastodon-Instanz<\/a> sowie Moderator*in dort.<\/p>\n\n\n\n<p>Professionelle Illustrationen und mein Portfolio gibt es auf <a href=\"https:\/\/shortriver.de\" target=\"_blank\" rel=\"noreferrer noopener nofollow\">shortriver.de<\/a><\/p>\n\n\n\n<p><\/p>\n","protected":false},"excerpt":{"rendered":"<p>Professionelle Illustrator*in und dilettantische Hobby-Fotograf*in mit einer 1986er LOMO LC-A.Auf&#46;&#46;&#46;<\/p>\n","protected":false},"author":1,"featured_media":0,"parent":0,"menu_order":0,"comment_status":"closed","ping_status":"closed","template":"","meta":{"footnotes":""},"class_list":["post-28","page","type-page","status-publish","hentry"],"_links":{"self":[{"href":"https:\/\/shortriver.de\/blog\/wp-json\/wp\/v2\/pages\/28","targetHints":{"allow":["GET"]}}],"collection":[{"href":"https:\/\/shortriver.de\/blog\/wp-json\/wp\/v2\/pages"}],"about":[{"href":"https:\/\/shortriver.de\/blog\/wp-json\/wp\/v2\/types\/page"}],"author":[{"embeddable":true,"href":"https:\/\/shortriver.de\/blog\/wp-json\/wp\/v2\/users\/1"}],"replies":[{"embeddable":true,"href":"https:\/\/shortriver.de\/blog\/wp-json\/wp\/v2\/comments?post=28"}],"version-history":[{"count":14,"href":"https:\/\/shortriver.de\/blog\/wp-json\/wp\/v2\/pages\/28\/revisions"}],"predecessor-version":[{"id":629,"href":"https:\/\/shortriver.de\/blog\/wp-json\/wp\/v2\/pages\/28\/revisions\/629"}],"wp:attachment":[{"href":"https:\/\/shortriver.de\/blog\/wp-json\/wp\/v2\/media?parent=28"}],"curies":[{"name":"wp","href":"https:\/\/api.w.org\/{rel}","templated":true}]}}